{"id":17043,"date":"2023-06-16T08:13:43","date_gmt":"2023-06-16T06:13:43","guid":{"rendered":"https:\/\/www.domnaradia.sk\/?page_id=17043"},"modified":"2023-11-27T10:58:49","modified_gmt":"2023-11-27T09:58:49","slug":"katalog-chladiarenskych-privesov","status":"publish","type":"page","link":"https:\/\/www.domnaradia.sk\/index.php\/katalog-chladiarenskych-privesov\/","title":{"rendered":"Katal\u00f3g Chladiarensk\u00fdch pr\u00edvesov"},"content":{"rendered":"\t\t<div data-elementor-type=\"wp-page\" data-elementor-id=\"17043\" class=\"elementor elementor-17043\">\n\t\t\t\t\t\t<section class=\"elementor-section elementor-top-section elementor-element elementor-element-1b620d8 elementor-section-boxed elementor-section-height-default elementor-section-height-default\" data-id=\"1b620d8\" data-element_type=\"section\">\n\t\t\t\t\t\t<div class=\"elementor-container elementor-column-gap-default\">\n\t\t\t\t\t<div class=\"elementor-column elementor-col-100 elementor-top-column elementor-element elementor-element-b74192e\" data-id=\"b74192e\" data-element_type=\"column\">\n\t\t\t<div class=\"elementor-widget-wrap elementor-element-populated\">\n\t\t\t\t\t\t<section class=\"elementor-section elementor-inner-section elementor-element elementor-element-02b645e elementor-section-boxed elementor-section-height-default elementor-section-height-default\" data-id=\"02b645e\" data-element_type=\"section\">\n\t\t\t\t\t\t<div class=\"elementor-container elementor-column-gap-default\">\n\t\t\t\t\t<div class=\"elementor-column elementor-col-50 elementor-inner-column elementor-element elementor-element-8580498\" data-id=\"8580498\" data-element_type=\"column\">\n\t\t\t<div class=\"elementor-widget-wrap elementor-element-populated\">\n\t\t\t\t\t\t<div class=\"elementor-element elementor-element-cfb487a elementor-widget elementor-widget-text-editor\" data-id=\"cfb487a\" data-element_type=\"widget\" data-widget_type=\"text-editor.default\">\n\t\t\t\t<div class=\"elementor-widget-container\">\n\t\t\t\t\t\t\t\t\t\n\t\t<div class=\"wppdfemb-frame-container-1\" style=\"-webkit-overflow-scrolling:auto;\">\n\t\t\t<iframe class=\"pdfembed-iframe nonfullscreen wppdf-emb-iframe-1\"\n\t\t\t\tsrc=\"https:\/\/www.domnaradia.sk\/?pdfemb-data=eyJ1cmwiOiJodHRwczpcL1wvd3d3LmRvbW5hcmFkaWEuc2tcL3dwLWNvbnRlbnRcL3VwbG9hZHNcLzIwMjNcLzExXC9wcml2ZXN5LTEucGRmIiwidGl0bGUiOiJwcml2ZXN5IiwiaW5kZXgiOjEsInBkZklEIjoxNzYzMH0\"\n\t\t\t\tdata-pdf-id=\"17630\"\n\t\t\t\tdata-pdf-index=\"1\"\n\t\t\t\tstyle=\"border:none;width:100%;max-width:400px;height:550px;\"\n\t\t\t\tscrolling=\"yes\">\n\t\t\t<\/iframe>\n\t\t<\/div>\n\n\t\t\t\t\t\t\t\t\t\t<\/div>\n\t\t\t\t<\/div>\n\t\t\t\t\t<\/div>\n\t\t<\/div>\n\t\t\t\t<div class=\"elementor-column elementor-col-50 elementor-inner-column elementor-element elementor-element-7e748e6\" data-id=\"7e748e6\" data-element_type=\"column\">\n\t\t\t<div class=\"elementor-widget-wrap elementor-element-populated\">\n\t\t\t\t\t\t<div class=\"elementor-element elementor-element-e600bb5 elementor-widget elementor-widget-heading\" data-id=\"e600bb5\" data-element_type=\"widget\" data-widget_type=\"heading.default\">\n\t\t\t\t<div class=\"elementor-widget-container\">\n\t\t\t\t\t<h2 class=\"elementor-heading-title elementor-size-default\">Pozrite si na\u0161u ponuku:<\/h2>\t\t\t\t<\/div>\n\t\t\t\t<\/div>\n\t\t\t\t<div class=\"elementor-element elementor-element-b363f74 elementor-widget-divider--view-line elementor-widget elementor-widget-divider\" data-id=\"b363f74\" data-element_type=\"widget\" data-widget_type=\"divider.default\">\n\t\t\t\t<div class=\"elementor-widget-container\">\n\t\t\t\t\t\t\t<div class=\"elementor-divider\">\n\t\t\t<span class=\"elementor-divider-separator\">\n\t\t\t\t\t\t<\/span>\n\t\t<\/div>\n\t\t\t\t\t\t<\/div>\n\t\t\t\t<\/div>\n\t\t\t\t<div class=\"elementor-element elementor-element-3725782 elementor-tabs-view-horizontal elementor-widget elementor-widget-tabs\" data-id=\"3725782\" data-element_type=\"widget\" data-widget_type=\"tabs.default\">\n\t\t\t\t<div class=\"elementor-widget-container\">\n\t\t\t\t\t\t\t<div class=\"elementor-tabs\">\n\t\t\t<div class=\"elementor-tabs-wrapper\" role=\"tablist\" >\n\t\t\t\t\t\t\t\t\t<div id=\"elementor-tab-title-5781\" class=\"elementor-tab-title elementor-tab-desktop-title\" aria-selected=\"true\" data-tab=\"1\" role=\"tab\" tabindex=\"0\" aria-controls=\"elementor-tab-content-5781\" aria-expanded=\"false\">Chladiarensk\u00e9 pr\u00edvesy<\/div>\n\t\t\t\t\t\t\t<\/div>\n\t\t\t<div class=\"elementor-tabs-content-wrapper\" role=\"tablist\" aria-orientation=\"vertical\">\n\t\t\t\t\t\t\t\t\t<div class=\"elementor-tab-title elementor-tab-mobile-title\" aria-selected=\"true\" data-tab=\"1\" role=\"tab\" tabindex=\"0\" aria-controls=\"elementor-tab-content-5781\" aria-expanded=\"false\">Chladiarensk\u00e9 pr\u00edvesy<\/div>\n\t\t\t\t\t<div id=\"elementor-tab-content-5781\" class=\"elementor-tab-content elementor-clearfix\" data-tab=\"1\" role=\"tabpanel\" aria-labelledby=\"elementor-tab-title-5781\" tabindex=\"0\" hidden=\"false\"><ul><li><strong>4 chladiarensk\u00e9 pr\u00edvesy (nie mraziace)<\/strong><\/li><\/ul><\/div>\n\t\t\t\t\t\t\t<\/div>\n\t\t<\/div>\n\t\t\t\t\t\t<\/div>\n\t\t\t\t<\/div>\n\t\t\t\t<div class=\"elementor-element elementor-element-0bdd219 elementor-widget elementor-widget-heading\" data-id=\"0bdd219\" data-element_type=\"widget\" data-widget_type=\"heading.default\">\n\t\t\t\t<div class=\"elementor-widget-container\">\n\t\t\t\t\t<h2 class=\"elementor-heading-title elementor-size-default\">Produkt si m\u00f4\u017eete rezervova\u0165 na:<\/h2>\t\t\t\t<\/div>\n\t\t\t\t<\/div>\n\t\t\t\t<div class=\"elementor-element elementor-element-56af634 elementor-icon-list--layout-traditional elementor-list-item-link-full_width elementor-widget elementor-widget-icon-list\" data-id=\"56af634\" data-element_type=\"widget\" data-widget_type=\"icon-list.default\">\n\t\t\t\t<div class=\"elementor-widget-container\">\n\t\t\t\t\t\t\t<ul class=\"elementor-icon-list-items\">\n\t\t\t\t\t\t\t<li class=\"elementor-icon-list-item\">\n\t\t\t\t\t\t\t\t\t\t\t<span class=\"elementor-icon-list-icon\">\n\t\t\t\t\t\t\t<i aria-hidden=\"true\" class=\"fas fa-phone-alt\"><\/i>\t\t\t\t\t\t<\/span>\n\t\t\t\t\t\t\t\t\t\t<span class=\"elementor-icon-list-text\">0911 818 070<\/span>\n\t\t\t\t\t\t\t\t\t<\/li>\n\t\t\t\t\t\t\t\t<li class=\"elementor-icon-list-item\">\n\t\t\t\t\t\t\t\t\t\t\t<span class=\"elementor-icon-list-icon\">\n\t\t\t\t\t\t\t<i aria-hidden=\"true\" class=\"far fa-envelope\"><\/i>\t\t\t\t\t\t<\/span>\n\t\t\t\t\t\t\t\t\t\t<span class=\"elementor-icon-list-text\">domnaradia@domnaradia.sk<\/span>\n\t\t\t\t\t\t\t\t\t<\/li>\n\t\t\t\t\t\t<\/ul>\n\t\t\t\t\t\t<\/div>\n\t\t\t\t<\/div>\n\t\t\t\t\t<\/div>\n\t\t<\/div>\n\t\t\t\t\t<\/div>\n\t\t<\/section>\n\t\t\t\t\t<\/div>\n\t\t<\/div>\n\t\t\t\t\t<\/div>\n\t\t<\/section>\n\t\t\t\t<section class=\"elementor-section elementor-top-section elementor-element elementor-element-2d7d186 elementor-section-boxed elementor-section-height-default elementor-section-height-default\" data-id=\"2d7d186\" data-element_type=\"section\">\n\t\t\t\t\t\t<div class=\"elementor-container elementor-column-gap-default\">\n\t\t\t\t\t<div class=\"elementor-column elementor-col-100 elementor-top-column elementor-element elementor-element-79ab985\" data-id=\"79ab985\" data-element_type=\"column\">\n\t\t\t<div class=\"elementor-widget-wrap\">\n\t\t\t\t\t\t\t<\/div>\n\t\t<\/div>\n\t\t\t\t\t<\/div>\n\t\t<\/section>\n\t\t\t\t<\/div>\n\t\t","protected":false},"excerpt":{"rendered":"<p>Pozrite si na\u0161u ponuku: Chladiarensk\u00e9 pr\u00edvesy Chladiarensk\u00e9 pr\u00edvesy 4 chladiarensk\u00e9 pr\u00edvesy (nie mraziace) Produkt si m\u00f4\u017eete rezervova\u0165 na: 0911 818 070 domnaradia@domnaradia.sk<\/p>\n","protected":false},"author":1,"featured_media":0,"parent":0,"menu_order":0,"comment_status":"closed","ping_status":"closed","template":"","meta":{"footnotes":""},"class_list":["post-17043","page","type-page","status-publish","hentry"],"_links":{"self":[{"href":"https:\/\/www.domnaradia.sk\/index.php\/wp-json\/wp\/v2\/pages\/17043","targetHints":{"allow":["GET"]}}],"collection":[{"href":"https:\/\/www.domnaradia.sk\/index.php\/wp-json\/wp\/v2\/pages"}],"about":[{"href":"https:\/\/www.domnaradia.sk\/index.php\/wp-json\/wp\/v2\/types\/page"}],"author":[{"embeddable":true,"href":"https:\/\/www.domnaradia.sk\/index.php\/wp-json\/wp\/v2\/users\/1"}],"replies":[{"embeddable":true,"href":"https:\/\/www.domnaradia.sk\/index.php\/wp-json\/wp\/v2\/comments?post=17043"}],"version-history":[{"count":28,"href":"https:\/\/www.domnaradia.sk\/index.php\/wp-json\/wp\/v2\/pages\/17043\/revisions"}],"predecessor-version":[{"id":17633,"href":"https:\/\/www.domnaradia.sk\/index.php\/wp-json\/wp\/v2\/pages\/17043\/revisions\/17633"}],"wp:attachment":[{"href":"https:\/\/www.domnaradia.sk\/index.php\/wp-json\/wp\/v2\/media?parent=17043"}],"curies":[{"name":"wp","href":"https:\/\/api.w.org\/{rel}","templated":true}]}}