{"id":16833,"date":"2023-06-14T21:20:46","date_gmt":"2023-06-14T19:20:46","guid":{"rendered":"https:\/\/www.domnaradia.sk\/?page_id=16833"},"modified":"2024-03-19T16:13:46","modified_gmt":"2024-03-19T15:13:46","slug":"katalog-dom-naradia","status":"publish","type":"page","link":"https:\/\/www.domnaradia.sk\/index.php\/katalog-dom-naradia\/","title":{"rendered":"Katal\u00f3g Dom n\u00e1radia"},"content":{"rendered":"\t\t<div data-elementor-type=\"wp-page\" data-elementor-id=\"16833\" class=\"elementor elementor-16833\">\n\t\t\t\t\t\t<section class=\"elementor-section elementor-top-section elementor-element elementor-element-1b620d8 elementor-section-boxed elementor-section-height-default elementor-section-height-default\" data-id=\"1b620d8\" data-element_type=\"section\">\n\t\t\t\t\t\t<div class=\"elementor-container elementor-column-gap-default\">\n\t\t\t\t\t<div class=\"elementor-column elementor-col-100 elementor-top-column elementor-element elementor-element-b74192e\" data-id=\"b74192e\" data-element_type=\"column\">\n\t\t\t<div class=\"elementor-widget-wrap elementor-element-populated\">\n\t\t\t\t\t\t<section class=\"elementor-section elementor-inner-section elementor-element elementor-element-02b645e elementor-section-boxed elementor-section-height-default elementor-section-height-default\" data-id=\"02b645e\" data-element_type=\"section\">\n\t\t\t\t\t\t<div class=\"elementor-container elementor-column-gap-default\">\n\t\t\t\t\t<div class=\"elementor-column elementor-col-50 elementor-inner-column elementor-element elementor-element-8580498\" data-id=\"8580498\" data-element_type=\"column\">\n\t\t\t<div class=\"elementor-widget-wrap elementor-element-populated\">\n\t\t\t\t\t\t<div class=\"elementor-element elementor-element-cfb487a elementor-widget elementor-widget-text-editor\" data-id=\"cfb487a\" data-element_type=\"widget\" data-widget_type=\"text-editor.default\">\n\t\t\t\t<div class=\"elementor-widget-container\">\n\t\t\t\t\t\t\t\t\t\n\t\t<div class=\"wppdfemb-frame-container-1\" style=\"-webkit-overflow-scrolling:auto;\">\n\t\t\t<iframe class=\"pdfembed-iframe nonfullscreen wppdf-emb-iframe-1\"\n\t\t\t\tsrc=\"https:\/\/www.domnaradia.sk\/?pdfemb-data=eyJ1cmwiOiJodHRwczpcL1wvd3d3LmRvbW5hcmFkaWEuc2tcL3dwLWNvbnRlbnRcL3VwbG9hZHNcLzIwMjRcLzAzXC9VbnRpdGxlZC0xLnBkZiIsImluZGV4IjoxLCJwZGZJRCI6MTc2NDd9\"\n\t\t\t\tdata-pdf-id=\"17647\"\n\t\t\t\tdata-pdf-index=\"1\"\n\t\t\t\tstyle=\"border:none;width:100%;max-width:400px;height:550px;\"\n\t\t\t\tscrolling=\"yes\">\n\t\t\t<\/iframe>\n\t\t<\/div>\n\n\t\t\t\t\t\t\t\t\t\t<\/div>\n\t\t\t\t<\/div>\n\t\t\t\t\t<\/div>\n\t\t<\/div>\n\t\t\t\t<div class=\"elementor-column elementor-col-50 elementor-inner-column elementor-element elementor-element-7e748e6\" data-id=\"7e748e6\" data-element_type=\"column\">\n\t\t\t<div class=\"elementor-widget-wrap elementor-element-populated\">\n\t\t\t\t\t\t<div class=\"elementor-element elementor-element-e600bb5 elementor-widget elementor-widget-heading\" data-id=\"e600bb5\" data-element_type=\"widget\" data-widget_type=\"heading.default\">\n\t\t\t\t<div class=\"elementor-widget-container\">\n\t\t\t\t\t<h2 class=\"elementor-heading-title elementor-size-default\">Pozrite si na\u0161u ponuku:<\/h2>\t\t\t\t<\/div>\n\t\t\t\t<\/div>\n\t\t\t\t<div class=\"elementor-element elementor-element-b363f74 elementor-widget-divider--view-line elementor-widget elementor-widget-divider\" data-id=\"b363f74\" data-element_type=\"widget\" data-widget_type=\"divider.default\">\n\t\t\t\t<div class=\"elementor-widget-container\">\n\t\t\t\t\t\t\t<div class=\"elementor-divider\">\n\t\t\t<span class=\"elementor-divider-separator\">\n\t\t\t\t\t\t<\/span>\n\t\t<\/div>\n\t\t\t\t\t\t<\/div>\n\t\t\t\t<\/div>\n\t\t\t\t<div class=\"elementor-element elementor-element-f342fc9 elementor-tabs-view-horizontal elementor-widget elementor-widget-tabs\" data-id=\"f342fc9\" data-element_type=\"widget\" data-widget_type=\"tabs.default\">\n\t\t\t\t<div class=\"elementor-widget-container\">\n\t\t\t\t\t\t\t<div class=\"elementor-tabs\">\n\t\t\t<div class=\"elementor-tabs-wrapper\" role=\"tablist\" >\n\t\t\t\t\t\t\t\t\t<div id=\"elementor-tab-title-2551\" class=\"elementor-tab-title elementor-tab-desktop-title\" aria-selected=\"true\" data-tab=\"1\" role=\"tab\" tabindex=\"0\" aria-controls=\"elementor-tab-content-2551\" aria-expanded=\"false\">Men\u0161ie ru\u010dn\u00e9 n\u00e1radie<\/div>\n\t\t\t\t\t\t\t\t\t<div id=\"elementor-tab-title-2552\" class=\"elementor-tab-title elementor-tab-desktop-title\" aria-selected=\"false\" data-tab=\"2\" role=\"tab\" tabindex=\"-1\" aria-controls=\"elementor-tab-content-2552\" aria-expanded=\"false\">Z\u00e1hradn\u00e9 n\u00e1radie<\/div>\n\t\t\t\t\t\t\t\t\t<div id=\"elementor-tab-title-2553\" class=\"elementor-tab-title elementor-tab-desktop-title\" aria-selected=\"false\" data-tab=\"3\" role=\"tab\" tabindex=\"-1\" aria-controls=\"elementor-tab-content-2553\" aria-expanded=\"false\">V\u00e4\u010d\u0161ie ru\u010dn\u00e9 n\u00e1radie<\/div>\n\t\t\t\t\t\t\t<\/div>\n\t\t\t<div class=\"elementor-tabs-content-wrapper\" role=\"tablist\" aria-orientation=\"vertical\">\n\t\t\t\t\t\t\t\t\t<div class=\"elementor-tab-title elementor-tab-mobile-title\" aria-selected=\"true\" data-tab=\"1\" role=\"tab\" tabindex=\"0\" aria-controls=\"elementor-tab-content-2551\" aria-expanded=\"false\">Men\u0161ie ru\u010dn\u00e9 n\u00e1radie<\/div>\n\t\t\t\t\t<div id=\"elementor-tab-content-2551\" class=\"elementor-tab-content elementor-clearfix\" data-tab=\"1\" role=\"tabpanel\" aria-labelledby=\"elementor-tab-title-2551\" tabindex=\"0\" hidden=\"false\"><ul><li><strong>Mie\u0161a\u010dky<\/strong><\/li><li><strong>Ponorn\u00e9 vibr\u00e1tory<\/strong><\/li><li><strong>Vibra\u010dn\u00e9 laty<\/strong><\/li><li><strong>Hladi\u010dka<\/strong><\/li><li><strong>Rozbrusova\u010dky<\/strong><\/li><li><strong>Mie\u0161adlo<\/strong><\/li><li><strong>Fr\u00e9za na bet\u00f3n<\/strong><\/li><li><strong>Lasery\u00a0<\/strong><\/li><li><strong>Reza\u010dky a l\u00e1ma\u010dky<\/strong><\/li><li><strong>\u010cistiaca technika<\/strong><\/li><li><strong>Le\u0161enie<\/strong><\/li><\/ul><\/div>\n\t\t\t\t\t\t\t\t\t<div class=\"elementor-tab-title elementor-tab-mobile-title\" aria-selected=\"false\" data-tab=\"2\" role=\"tab\" tabindex=\"-1\" aria-controls=\"elementor-tab-content-2552\" aria-expanded=\"false\">Z\u00e1hradn\u00e9 n\u00e1radie<\/div>\n\t\t\t\t\t<div id=\"elementor-tab-content-2552\" class=\"elementor-tab-content elementor-clearfix\" data-tab=\"2\" role=\"tabpanel\" aria-labelledby=\"elementor-tab-title-2552\" tabindex=\"0\" hidden=\"hidden\"><ul><li><strong>P\u00edly\u00a0<\/strong><\/li><li><strong>Krovinorezy\u00a0<\/strong><\/li><li><strong>Kosa\u010dky<\/strong><\/li><li><strong>No\u017enice<\/strong><\/li><li><strong>Vrt\u00e1k<\/strong><\/li><li><strong>Kultiv\u00e1tor<\/strong><\/li><li><strong>Rotav\u00e1tor<\/strong><\/li><li><strong>Fuk\u00e1r a vys\u00e1va\u010d<\/strong><\/li><\/ul><\/div>\n\t\t\t\t\t\t\t\t\t<div class=\"elementor-tab-title elementor-tab-mobile-title\" aria-selected=\"false\" data-tab=\"3\" role=\"tab\" tabindex=\"-1\" aria-controls=\"elementor-tab-content-2553\" aria-expanded=\"false\">V\u00e4\u010d\u0161ie ru\u010dn\u00e9 n\u00e1radie<\/div>\n\t\t\t\t\t<div id=\"elementor-tab-content-2553\" class=\"elementor-tab-content elementor-clearfix\" data-tab=\"3\" role=\"tabpanel\" aria-labelledby=\"elementor-tab-title-2553\" tabindex=\"0\" hidden=\"hidden\"><ul><li><strong>V\u00fdroba energie<\/strong><\/li><li><strong>B\u00faracie kladiv\u00e1 7,6J &#8211; 71J<\/strong><\/li><li><strong>V\u0155tacie kladivo 2J &#8211; 7,1J<\/strong><\/li><li><strong>V\u0155tacie skrutkova\u010de<\/strong><\/li><li><strong>Uhlov\u00e9 br\u00fasky<\/strong><\/li><li><strong>P\u00edly\u00a0<\/strong><\/li><li>-chvostov\u00e9, kot\u00fa\u010dov\u00e9, el. kot\u00fa\u010dov\u00e9, priamo\u010diara<\/li><li><strong>Hobl\u00edky<\/strong><\/li><li><strong>V\u0155ta\u010dky<\/strong><\/li><\/ul><\/div>\n\t\t\t\t\t\t\t<\/div>\n\t\t<\/div>\n\t\t\t\t\t\t<\/div>\n\t\t\t\t<\/div>\n\t\t\t\t<div class=\"elementor-element elementor-element-1516713 elementor-widget elementor-widget-heading\" data-id=\"1516713\" data-element_type=\"widget\" data-widget_type=\"heading.default\">\n\t\t\t\t<div class=\"elementor-widget-container\">\n\t\t\t\t\t<h2 class=\"elementor-heading-title elementor-size-default\">Produkt si m\u00f4\u017eete rezervova\u0165 na:<\/h2>\t\t\t\t<\/div>\n\t\t\t\t<\/div>\n\t\t\t\t<div class=\"elementor-element elementor-element-2ab0b11 elementor-icon-list--layout-traditional elementor-list-item-link-full_width elementor-widget elementor-widget-icon-list\" data-id=\"2ab0b11\" data-element_type=\"widget\" data-widget_type=\"icon-list.default\">\n\t\t\t\t<div class=\"elementor-widget-container\">\n\t\t\t\t\t\t\t<ul class=\"elementor-icon-list-items\">\n\t\t\t\t\t\t\t<li class=\"elementor-icon-list-item\">\n\t\t\t\t\t\t\t\t\t\t\t<span class=\"elementor-icon-list-icon\">\n\t\t\t\t\t\t\t<i aria-hidden=\"true\" class=\"fas fa-phone-alt\"><\/i>\t\t\t\t\t\t<\/span>\n\t\t\t\t\t\t\t\t\t\t<span class=\"elementor-icon-list-text\">0911 751 177<\/span>\n\t\t\t\t\t\t\t\t\t<\/li>\n\t\t\t\t\t\t\t\t<li class=\"elementor-icon-list-item\">\n\t\t\t\t\t\t\t\t\t\t\t<span class=\"elementor-icon-list-icon\">\n\t\t\t\t\t\t\t<i aria-hidden=\"true\" class=\"far fa-envelope\"><\/i>\t\t\t\t\t\t<\/span>\n\t\t\t\t\t\t\t\t\t\t<span class=\"elementor-icon-list-text\">pozicovna@domnaradia.sk<\/span>\n\t\t\t\t\t\t\t\t\t<\/li>\n\t\t\t\t\t\t<\/ul>\n\t\t\t\t\t\t<\/div>\n\t\t\t\t<\/div>\n\t\t\t\t\t<\/div>\n\t\t<\/div>\n\t\t\t\t\t<\/div>\n\t\t<\/section>\n\t\t\t\t\t<\/div>\n\t\t<\/div>\n\t\t\t\t\t<\/div>\n\t\t<\/section>\n\t\t\t\t<section class=\"elementor-section elementor-top-section elementor-element elementor-element-20a6c94 elementor-section-boxed elementor-section-height-default elementor-section-height-default\" data-id=\"20a6c94\" data-element_type=\"section\">\n\t\t\t\t\t\t<div class=\"elementor-container elementor-column-gap-default\">\n\t\t\t\t\t<div class=\"elementor-column elementor-col-100 elementor-top-column elementor-element elementor-element-6676135\" data-id=\"6676135\" data-element_type=\"column\">\n\t\t\t<div class=\"elementor-widget-wrap\">\n\t\t\t\t\t\t\t<\/div>\n\t\t<\/div>\n\t\t\t\t\t<\/div>\n\t\t<\/section>\n\t\t\t\t<\/div>\n\t\t","protected":false},"excerpt":{"rendered":"<p>Pozrite si na\u0161u ponuku: Men\u0161ie ru\u010dn\u00e9 n\u00e1radie Z\u00e1hradn\u00e9 n\u00e1radie V\u00e4\u010d\u0161ie ru\u010dn\u00e9 n\u00e1radie Men\u0161ie ru\u010dn\u00e9 n\u00e1radie Mie\u0161a\u010dky Ponorn\u00e9 vibr\u00e1tory Vibra\u010dn\u00e9 laty Hladi\u010dka Rozbrusova\u010dky Mie\u0161adlo Fr\u00e9za na bet\u00f3n Lasery\u00a0 Reza\u010dky a l\u00e1ma\u010dky \u010cistiaca technika Le\u0161enie Z\u00e1hradn\u00e9 n\u00e1radie P\u00edly\u00a0 Krovinorezy\u00a0 Kosa\u010dky No\u017enice Vrt\u00e1k Kultiv\u00e1tor Rotav\u00e1tor Fuk\u00e1r a vys\u00e1va\u010d V\u00e4\u010d\u0161ie ru\u010dn\u00e9 n\u00e1radie V\u00fdroba energie B\u00faracie kladiv\u00e1 7,6J &#8211; 71J [&hellip;]<\/p>\n","protected":false},"author":1,"featured_media":0,"parent":0,"menu_order":0,"comment_status":"closed","ping_status":"closed","template":"","meta":{"footnotes":""},"class_list":["post-16833","page","type-page","status-publish","hentry"],"_links":{"self":[{"href":"https:\/\/www.domnaradia.sk\/index.php\/wp-json\/wp\/v2\/pages\/16833","targetHints":{"allow":["GET"]}}],"collection":[{"href":"https:\/\/www.domnaradia.sk\/index.php\/wp-json\/wp\/v2\/pages"}],"about":[{"href":"https:\/\/www.domnaradia.sk\/index.php\/wp-json\/wp\/v2\/types\/page"}],"author":[{"embeddable":true,"href":"https:\/\/www.domnaradia.sk\/index.php\/wp-json\/wp\/v2\/users\/1"}],"replies":[{"embeddable":true,"href":"https:\/\/www.domnaradia.sk\/index.php\/wp-json\/wp\/v2\/comments?post=16833"}],"version-history":[{"count":91,"href":"https:\/\/www.domnaradia.sk\/index.php\/wp-json\/wp\/v2\/pages\/16833\/revisions"}],"predecessor-version":[{"id":17650,"href":"https:\/\/www.domnaradia.sk\/index.php\/wp-json\/wp\/v2\/pages\/16833\/revisions\/17650"}],"wp:attachment":[{"href":"https:\/\/www.domnaradia.sk\/index.php\/wp-json\/wp\/v2\/media?parent=16833"}],"curies":[{"name":"wp","href":"https:\/\/api.w.org\/{rel}","templated":true}]}}